{"id":274,"date":"2021-12-15T17:52:48","date_gmt":"2021-12-15T17:52:48","guid":{"rendered":"https:\/\/claca.app\/?page_id=274"},"modified":"2022-02-16T09:43:04","modified_gmt":"2022-02-16T09:43:04","slug":"termeni-si-conditii","status":"publish","type":"page","link":"https:\/\/claca.app\/ro\/termeni-si-conditii\/","title":{"rendered":"Termeni \u0219i Condi\u021bii"},"content":{"rendered":"\n[et_pb_section fb_built=&#8221;1&#8243; _builder_version=&#8221;4.14.2&#8243; _module_preset=&#8221;default&#8221; global_colors_info=&#8221;{}&#8221;][et_pb_row _builder_version=&#8221;4.14.2&#8243; _module_preset=&#8221;default&#8221; global_colors_info=&#8221;{}&#8221;][et_pb_column type=&#8221;4_4&#8243; _builder_version=&#8221;4.14.2&#8243; _module_preset=&#8221;default&#8221; global_colors_info=&#8221;{}&#8221;][et_pb_text _builder_version=&#8221;4.14.2&#8243; _module_preset=&#8221;default&#8221; header_2_text_color=&#8221;#de6b45&#8243; header_2_font_size=&#8221;30px&#8221; header_2_line_height=&#8221;1.2em&#8221; global_colors_info=&#8221;{}&#8221;]<h2><strong>Termeni \u0219i Condi\u021bii<\/strong><\/h2>[\/et_pb_text][\/et_pb_column][\/et_pb_row][et_pb_row _builder_version=&#8221;4.14.2&#8243; _module_preset=&#8221;default&#8221; global_colors_info=&#8221;{}&#8221;][et_pb_column type=&#8221;4_4&#8243; _builder_version=&#8221;4.14.2&#8243; _module_preset=&#8221;default&#8221; global_colors_info=&#8221;{}&#8221;][et_pb_text _builder_version=&#8221;4.14.4&#8243; _module_preset=&#8221;default&#8221; text_font_size=&#8221;15.5px&#8221; hover_enabled=&#8221;0&#8243; global_colors_info=&#8221;{}&#8221; sticky_enabled=&#8221;0&#8243;]<div _ngcontent-uqg-c419=\"\">\n<p>Bun venit la Claca.<\/p>\n<p>V\u0103 rug\u0103m s\u0103 citi\u0163i cu aten\u0163ie termenii \u0219i condi\u021biile utiliz\u0103rii aplica\u021biei prezentate mai jos. \u00cenregistrarea ca utilizator in aplica\u021bie este benevol\u0103. Utilizarea serviciilor oferite prin intermediul aplica\u021biei Claca se supune Termenilor \u015fi Condi\u0163iilor de utilizare, implic\u0103 acceptul explicit al dumneavoastr\u0103 cu privire la ace\u015ftia \u015fi reprezint\u0103 \u00eentreaga \u00een\u0163elegere dintre p\u0103r\u0163i, \u00een lipsa \u00eencheierii unui alt contract \u00een acest sens. \u00cen situa\u021bia Partenerilor XQR Solution SRL, \u00a0prevederile Contractului \u00eencheiat se vor completa cu Termenii si Condi\u021biile de utilizare ale aplicatiei \u00een m\u0103sura \u00een care acestea nu con\u021bin prevederi contrare.<\/p>\n<p>XQR Solutions S.R.L., denumit\u0103 generic \u00een cele ce urmeaz\u0103 \u015fi XQR, \u00een calitate de administrator al aplica\u021biei \u00a0\u00ee\u015fi rezerv\u0103 dreptul de a schimba \u015fi actualiza \u00een orice moment con\u0163inutul acestui website, pre\u021burile afi\u0219ate de Parteneri, precum \u015fi Politica de confiden\u0163ialitate \u015fi Termenii \u015fi Condi\u0163iile de folosire, f\u0103r\u0103 nici un fel de notificare prealabil\u0103. De aceea, v\u0103 rug\u0103m s\u0103 vizita\u0163i periodic aceast\u0103 sec\u0163iune pentru a verifica Termenii \u015fi Condi\u0163iile pe care a\u0163i agreat s\u0103 le respecta\u0163i.<\/p>\n<p>\u00cen nici un caz, echipa XQR nu va fi r\u0103spunz\u0103toare pentru niciun fel de daune directe, indirecte, speciale, accidentale sau consecvente, inclusiv, dar f\u0103r\u0103 a se limita la: pierderea datelor sau a profilului, care rezult\u0103 din utilizarea sau utilizarea defectuasa a serviciilor oferite prin \u00a0aplica\u021bie chiar daca echipa XQR sau un reprezentant autorizat a fost informat despre posibilitatea unor astfel de daune. Daca utilizarea de catre dvs. a serviciilor oferite de aplica\u021bie \u00a0duce la necesitatea \u00eentre\u021binerii, repar\u0103rii sau corectarii rezultatului final, va asumati orice costuri aferente acestora.<\/p>\n<p>XQR, prin platforma Claca, faciliteaz\u0103 \u00a0contactul \u00eentre utilizatori. XQR nu va fi niciodata responsabil pentru serviciile de orice natur\u0103 prestate de Utilizatorii \u00eenscri\u0219i pe platforma Claca, sau pentru rezultatele ac\u021biunilor utilizatorilor, \u00een mod direct sau \u00een mod indirect, \u00een orice cadru \u00een care ace\u0219tia activeaza \u0219i nici pentru serviciile prestate de alti prestatori de servicii care utilizeaz\u0103 platforma Claca.<\/p>\n<p><span class=\"acssf62a8\">Obliga\u021bia respect\u0103rii prevederilor legale referitoare la Protec\u021bia Muncii, rela\u021bia angajat -angajator, \u0219i orice alte prevederi legale aplicabile, cad \u00een sarcina\u00a0 Utilizatorului. XQR este exonerat de orice r\u0103spundere, eventualele \u00eenc\u0103lc\u0103ri ale legisla\u021biei nefiindu-i imputabile.<\/span><span class=\"acssf62a8\"><\/span><span class=\"acssf62a8\"><\/span><\/p>\n<p>Utilizator &#8211; orice persoan\u0103 care acceseaz\u0103 pagina Claca.app \u0219i \/ sau care instaleaz\u0103 aplica\u021bia accept\u00e2nd Termenii \u0219i Condi\u021biile de utilizare sau orice persoan\u0103 care particip\u0103 la ac\u021biune la \u00eendemnul sau sub conducerea unui utilizator \u00eenregistrat. \u00cen cazul particip\u0103rii mai multor persoane pe un singur cont de utilizator, Termenii \u0219i Condi\u021biile se consider\u0103 acceptate de c\u0103tre to\u021bi participan\u021bii.<\/p>\n<p>Utilizatorii minori pot utiliza aplica\u021bia \u0219i pot participa la ac\u021biunile prezentate \u00een aplica\u021bie DOAR cu Acordul scris al p\u0103rin\u021bilor \/ sus\u021bin\u0103torilor legali.<\/p>\n<\/div>[\/et_pb_text][\/et_pb_column][\/et_pb_row][\/et_pb_section]\n","protected":false},"excerpt":{"rendered":"<p>Termeni \u0219i Condi\u021bii Bun venit la Claca. V\u0103 rug\u0103m s\u0103 citi\u0163i cu aten\u0163ie termenii \u0219i condi\u021biile utiliz\u0103rii aplica\u021biei prezentate mai jos. \u00cenregistrarea ca utilizator in aplica\u021bie este benevol\u0103. Utilizarea serviciilor oferite prin intermediul aplica\u021biei Claca se supune Termenilor \u015fi Condi\u0163iilor de utilizare, implic\u0103 acceptul explicit al dumneavoastr\u0103 cu privire la ace\u015ftia \u015fi reprezint\u0103 \u00eentreaga \u00een\u0163elegere [&hellip;]<\/p>\n","protected":false},"author":1,"featured_media":0,"parent":0,"menu_order":0,"comment_status":"closed","ping_status":"closed","template":"","meta":{"_et_pb_use_builder":"on","_et_pb_old_content":"","_et_gb_content_width":"","footnotes":""},"class_list":["post-274","page","type-page","status-publish","hentry"],"_links":{"self":[{"href":"https:\/\/claca.app\/ro\/wp-json\/wp\/v2\/pages\/274","targetHints":{"allow":["GET"]}}],"collection":[{"href":"https:\/\/claca.app\/ro\/wp-json\/wp\/v2\/pages"}],"about":[{"href":"https:\/\/claca.app\/ro\/wp-json\/wp\/v2\/types\/page"}],"author":[{"embeddable":true,"href":"https:\/\/claca.app\/ro\/wp-json\/wp\/v2\/users\/1"}],"replies":[{"embeddable":true,"href":"https:\/\/claca.app\/ro\/wp-json\/wp\/v2\/comments?post=274"}],"version-history":[{"count":11,"href":"https:\/\/claca.app\/ro\/wp-json\/wp\/v2\/pages\/274\/revisions"}],"predecessor-version":[{"id":387,"href":"https:\/\/claca.app\/ro\/wp-json\/wp\/v2\/pages\/274\/revisions\/387"}],"wp:attachment":[{"href":"https:\/\/claca.app\/ro\/wp-json\/wp\/v2\/media?parent=274"}],"curies":[{"name":"wp","href":"https:\/\/api.w.org\/{rel}","templated":true}]}}